{"id":90,"date":"2023-06-26T16:58:14","date_gmt":"2023-06-26T14:58:14","guid":{"rendered":"https:\/\/berceligyermekorvos.hu\/?page_id=90"},"modified":"2023-06-26T16:58:14","modified_gmt":"2023-06-26T14:58:14","slug":"egyeb-kerdes","status":"publish","type":"page","link":"https:\/\/berceligyermekorvos.hu\/?page_id=90","title":{"rendered":"Egy\u00e9b k\u00e9rd\u00e9s"},"content":{"rendered":"\n<div class=\"wpcf7 no-js\" id=\"wpcf7-f56-o1\" lang=\"hu-HU\" dir=\"ltr\" data-wpcf7-id=\"56\">\n<div class=\"screen-reader-response\"><p role=\"status\" aria-live=\"polite\" aria-atomic=\"true\"><\/p> <ul><\/ul><\/div>\n<form action=\"\/index.php?rest_route=%2Fwp%2Fv2%2Fpages%2F90#wpcf7-f56-o1\" method=\"post\" class=\"wpcf7-form init\" aria-label=\"Kapcsolatfelv\u00e9teli \u0171rlap\" enctype=\"multipart\/form-data\" novalidate=\"novalidate\" data-status=\"init\">\n<fieldset class=\"hidden-fields-container\"><input type=\"hidden\" name=\"_wpcf7\" value=\"56\" \/><input type=\"hidden\" name=\"_wpcf7_version\" value=\"6.1.5\" \/><input type=\"hidden\" name=\"_wpcf7_locale\" value=\"hu_HU\" \/><input type=\"hidden\" name=\"_wpcf7_unit_tag\" value=\"wpcf7-f56-o1\" \/><input type=\"hidden\" name=\"_wpcf7_container_post\" value=\"0\" \/><input type=\"hidden\" name=\"_wpcf7_posted_data_hash\" value=\"\" \/><input type=\"hidden\" name=\"_wpcf7_recaptcha_response\" value=\"\" \/>\n<\/fieldset>\n<p><label> Gyermek neve:<br \/>\n<span class=\"wpcf7-form-control-wrap\" data-name=\"gyermeknev-name\"><input size=\"40\" maxlength=\"400\" class=\"wpcf7-form-control wpcf7-text wpcf7-validates-as-required\" autocomplete=\"name\" aria-required=\"true\" aria-invalid=\"false\" placeholder=\"Gyermek Neve\" value=\"\" type=\"text\" name=\"gyermeknev-name\" \/><\/span><br \/>\n<\/label>\n<\/p>\n<p><label> Gyermek TAJ sz\u00e1ma:<br \/>\n<span class=\"wpcf7-form-control-wrap\" data-name=\"gyerektaj\"><input size=\"40\" maxlength=\"400\" class=\"wpcf7-form-control wpcf7-text\" aria-invalid=\"false\" placeholder=\"000-000-000\" value=\"\" type=\"text\" name=\"gyerektaj\" \/><\/span><br \/>\n<\/label>\n<\/p>\n<p><label> Bejelent\u0151 neve:<br \/>\n<span class=\"wpcf7-form-control-wrap\" data-name=\"sender-name\"><input size=\"40\" maxlength=\"400\" class=\"wpcf7-form-control wpcf7-text wpcf7-validates-as-required\" autocomplete=\"name\" aria-required=\"true\" aria-invalid=\"false\" placeholder=\"Bejelent\u0151 Neve\" value=\"\" type=\"text\" name=\"sender-name\" \/><\/span><br \/>\n<\/label>\n<\/p>\n<p><label> Bejelent\u0151 e-mail c\u00edme:<br \/>\n<span class=\"wpcf7-form-control-wrap\" data-name=\"your-email\"><input size=\"40\" maxlength=\"400\" class=\"wpcf7-form-control wpcf7-email wpcf7-validates-as-required wpcf7-text wpcf7-validates-as-email\" autocomplete=\"email\" aria-required=\"true\" aria-invalid=\"false\" placeholder=\"emailcim@gmail.com\" value=\"\" type=\"email\" name=\"your-email\" \/><\/span><br \/>\n<\/label>\n<\/p>\n<p><label> \u00dczenet (\u00cdrja le r\u00f6viden \u00fczenetet\u00e9t)<br \/>\n<span class=\"wpcf7-form-control-wrap\" data-name=\"your-message\"><textarea cols=\"40\" rows=\"10\" maxlength=\"2000\" class=\"wpcf7-form-control wpcf7-textarea wpcf7-validates-as-required\" aria-required=\"true\" aria-invalid=\"false\" name=\"your-message\"><\/textarea><\/span> <\/label>\n<\/p>\n<p><label> F\u00e1jl csatol\u00e1sa (jpg, png, pdf) maximum 20MB!<br \/>\n<span class=\"wpcf7-form-control-wrap\" data-name=\"file-683\"><input size=\"40\" class=\"wpcf7-form-control wpcf7-file\" accept=\"image\/*,.txt,application\/pdf\" aria-invalid=\"false\" type=\"file\" name=\"file-683\" \/><\/span><br \/>\n<\/label>\n<\/p>\n<p><span class=\"wpcf7-form-control-wrap\" data-name=\"quiz-519\"><label><span class=\"wpcf7-quiz-label\">8+8=<\/span> <input size=\"40\" class=\"wpcf7-form-control wpcf7-quiz\" autocomplete=\"off\" aria-required=\"true\" aria-invalid=\"false\" type=\"text\" name=\"quiz-519\" \/><\/label><input type=\"hidden\" name=\"_wpcf7_quiz_answer_quiz-519\" value=\"80296fa99ba2cb1c1d62dbd7d9c65755\" \/><\/span>\n<\/p>\n<p><span class=\"wpcf7-form-control-wrap\" data-name=\"acceptance-771\"><span class=\"wpcf7-form-control wpcf7-acceptance\"><span class=\"wpcf7-list-item\"><label><input type=\"checkbox\" name=\"acceptance-771\" value=\"1\" aria-invalid=\"false\" \/><span class=\"wpcf7-list-item-label\">A checkbox kipip\u00e1l\u00e1s\u00e1val - az \u00c1ltal\u00e1nos Adatv\u00e9delmi Rendelet (GDPR) 6. cikk (1) bekezd\u00e9s b) pontja, tov\u00e1bb\u00e1 a 7. cikk rendelkez\u00e9se alapj\u00e1n - tudom\u00e1sul veszem, hogy az adatkezel\u0151 a most megadott szem\u00e9lyes adataimat a GDPR, tov\u00e1bb\u00e1 a saj\u00e1t adatkezel\u00e9si t\u00e1j\u00e9koztat\u00f3j\u00e1nak felt\u00e9telei szerint kezelheti.<\/span><\/label><\/span><\/span><\/span><br \/>\n<a href=\"https:\/\/berceligyermekorvos.hu\/?page_id=51\" target=\"_blank\" >Az adatkezel\u00e9si t\u00e1j\u00e9koztat\u00f3 ide kattintva \u00e9rhet\u0151 el.<\/a>\n<\/p>\n<p><input class=\"wpcf7-form-control wpcf7-submit has-spinner\" type=\"submit\" value=\"Bek\u00fcld\u00e9s\" \/>\n<\/p><div class=\"wpcf7-response-output\" aria-hidden=\"true\"><\/div>\n<\/form>\n<\/div>\n\n","protected":false},"excerpt":{"rendered":"","protected":false},"author":1,"featured_media":0,"parent":0,"menu_order":0,"comment_status":"closed","ping_status":"closed","template":"","meta":{"footnotes":""},"class_list":["post-90","page","type-page","status-publish","hentry"],"_links":{"self":[{"href":"https:\/\/berceligyermekorvos.hu\/index.php?rest_route=\/wp\/v2\/pages\/90","targetHints":{"allow":["GET"]}}],"collection":[{"href":"https:\/\/berceligyermekorvos.hu\/index.php?rest_route=\/wp\/v2\/pages"}],"about":[{"href":"https:\/\/berceligyermekorvos.hu\/index.php?rest_route=\/wp\/v2\/types\/page"}],"author":[{"embeddable":true,"href":"https:\/\/berceligyermekorvos.hu\/index.php?rest_route=\/wp\/v2\/users\/1"}],"replies":[{"embeddable":true,"href":"https:\/\/berceligyermekorvos.hu\/index.php?rest_route=%2Fwp%2Fv2%2Fcomments&post=90"}],"version-history":[{"count":1,"href":"https:\/\/berceligyermekorvos.hu\/index.php?rest_route=\/wp\/v2\/pages\/90\/revisions"}],"predecessor-version":[{"id":91,"href":"https:\/\/berceligyermekorvos.hu\/index.php?rest_route=\/wp\/v2\/pages\/90\/revisions\/91"}],"wp:attachment":[{"href":"https:\/\/berceligyermekorvos.hu\/index.php?rest_route=%2Fwp%2Fv2%2Fmedia&parent=90"}],"curies":[{"name":"wp","href":"https:\/\/api.w.org\/{rel}","templated":true}]}}