{"id":85,"date":"2023-06-26T16:23:54","date_gmt":"2023-06-26T14:23:54","guid":{"rendered":"https:\/\/berceligyermekorvos.hu\/?page_id=85"},"modified":"2023-06-26T16:23:54","modified_gmt":"2023-06-26T14:23:54","slug":"beutalo","status":"publish","type":"page","link":"https:\/\/berceligyermekorvos.hu\/?page_id=85","title":{"rendered":"Beutal\u00f3"},"content":{"rendered":"\n<div class=\"wpcf7 no-js\" id=\"wpcf7-f78-o1\" lang=\"hu-HU\" dir=\"ltr\" data-wpcf7-id=\"78\">\n<div class=\"screen-reader-response\"><p role=\"status\" aria-live=\"polite\" aria-atomic=\"true\"><\/p> <ul><\/ul><\/div>\n<form action=\"\/index.php?rest_route=%2Fwp%2Fv2%2Fpages%2F85#wpcf7-f78-o1\" method=\"post\" class=\"wpcf7-form init\" aria-label=\"Kapcsolatfelv\u00e9teli \u0171rlap\" novalidate=\"novalidate\" data-status=\"init\">\n<fieldset class=\"hidden-fields-container\"><input type=\"hidden\" name=\"_wpcf7\" value=\"78\" \/><input type=\"hidden\" name=\"_wpcf7_version\" value=\"6.1.5\" \/><input type=\"hidden\" name=\"_wpcf7_locale\" value=\"hu_HU\" \/><input type=\"hidden\" name=\"_wpcf7_unit_tag\" value=\"wpcf7-f78-o1\" \/><input type=\"hidden\" name=\"_wpcf7_container_post\" value=\"0\" \/><input type=\"hidden\" name=\"_wpcf7_posted_data_hash\" value=\"\" \/><input type=\"hidden\" name=\"_wpcf7_recaptcha_response\" value=\"\" \/>\n<\/fieldset>\n<p><label> Gyermek neve<br \/>\n<span class=\"wpcf7-form-control-wrap\" data-name=\"gyermeknev\"><input size=\"40\" maxlength=\"400\" class=\"wpcf7-form-control wpcf7-text wpcf7-validates-as-required\" autocomplete=\"name\" aria-required=\"true\" aria-invalid=\"false\" value=\"\" type=\"text\" name=\"gyermeknev\" \/><\/span> <\/label>\n<\/p>\n<p><label> Gyermek sz\u00fclet\u00e9si \u00e9ve<br \/>\n<span class=\"wpcf7-form-control-wrap\" data-name=\"gyermekszul\"><input class=\"wpcf7-form-control wpcf7-date wpcf7-validates-as-required wpcf7-validates-as-date\" aria-required=\"true\" aria-invalid=\"false\" value=\"2004.01.01\" type=\"date\" name=\"gyermekszul\" \/><\/span> <\/label>\n<\/p>\n<p><label> Gyermek TAJ sz\u00e1ma<br \/>\n<span class=\"wpcf7-form-control-wrap\" data-name=\"gyermektaj\"><input size=\"40\" maxlength=\"400\" class=\"wpcf7-form-control wpcf7-text\" aria-invalid=\"false\" value=\"000-000-000\" type=\"text\" name=\"gyermektaj\" \/><\/span> <\/label>\n<\/p>\n<p><label> Int\u00e9zm\u00e9ny pontos megnevez\u00e9se<br \/>\n<span class=\"wpcf7-form-control-wrap\" data-name=\"beutintezm\"><input size=\"40\" maxlength=\"400\" class=\"wpcf7-form-control wpcf7-text wpcf7-validates-as-required\" aria-required=\"true\" aria-invalid=\"false\" value=\"\" type=\"text\" name=\"beutintezm\" \/><\/span> <\/label>\n<\/p>\n<p><label> Szakrendel\u00e9s pontos megnevez\u00e9se<br \/>\n<span class=\"wpcf7-form-control-wrap\" data-name=\"beutrendeles\"><input size=\"40\" maxlength=\"400\" class=\"wpcf7-form-control wpcf7-text wpcf7-validates-as-required\" aria-required=\"true\" aria-invalid=\"false\" value=\"\" type=\"text\" name=\"beutrendeles\" \/><\/span> <\/label>\n<\/p>\n<p><label> Korm\u00e1nyrendelet szerint nem beutal\u00f3k\u00f6teles rendel\u00e9sek: <\/label><br \/>\n<label>\n\t\t<font color=\"red\"> f\u00fcl\u00e9szet, seb\u00e9szet, b\u0151rgy\u00f3gy\u00e1szat\n\t\t<\/font><\/label>\n<\/p>\n<p><label> Sz\u00fcl\u0151 neve<br \/>\n<span class=\"wpcf7-form-control-wrap\" data-name=\"sender-name\"><input size=\"40\" maxlength=\"400\" class=\"wpcf7-form-control wpcf7-text wpcf7-validates-as-required\" autocomplete=\"name\" aria-required=\"true\" aria-invalid=\"false\" value=\"\" type=\"text\" name=\"sender-name\" \/><\/span> <\/label>\n<\/p>\n<p><label> Sz\u00fcl\u0151 e-mail c\u00edme<br \/>\n<span class=\"wpcf7-form-control-wrap\" data-name=\"your-email\"><input size=\"40\" maxlength=\"400\" class=\"wpcf7-form-control wpcf7-email wpcf7-validates-as-required wpcf7-text wpcf7-validates-as-email\" autocomplete=\"email\" aria-required=\"true\" aria-invalid=\"false\" value=\"\" type=\"email\" name=\"your-email\" \/><\/span> <\/label>\n<\/p>\n<p><label> Mi\u00e9rt megy szakvizsg\u00e1latra?<br \/>\n<span class=\"wpcf7-form-control-wrap\" data-name=\"your-message\"><textarea cols=\"40\" rows=\"10\" maxlength=\"2000\" class=\"wpcf7-form-control wpcf7-textarea wpcf7-validates-as-required\" aria-required=\"true\" aria-invalid=\"false\" name=\"your-message\"><\/textarea><\/span> <\/label>\n<\/p>\n<p>Kontroll vizsg\u00e1latra megy?<br \/>\n<span class=\"wpcf7-form-control-wrap\" data-name=\"iscontroll\"><span class=\"wpcf7-form-control wpcf7-checkbox wpcf7-validates-as-required wpcf7-exclusive-checkbox\"><span class=\"wpcf7-list-item first\"><label><input type=\"checkbox\" name=\"iscontroll\" value=\"Igen\" \/><span class=\"wpcf7-list-item-label\">Igen<\/span><\/label><\/span><span class=\"wpcf7-list-item last\"><label><input type=\"checkbox\" name=\"iscontroll\" value=\"Nem\" \/><span class=\"wpcf7-list-item-label\">Nem<\/span><\/label><\/span><\/span><\/span>\n<\/p>\n<p><label> Biztons\u00e1gi ellen\u0151rz\u0151 k\u00e9rd\u00e9s, k\u00e9rem v\u00e1laszolja meg<br \/>\n<span class=\"wpcf7-form-control-wrap\" data-name=\"quiz-519\"><label><span class=\"wpcf7-quiz-label\">3+3=<\/span> <input size=\"40\" class=\"wpcf7-form-control wpcf7-quiz\" autocomplete=\"off\" aria-required=\"true\" aria-invalid=\"false\" type=\"text\" name=\"quiz-519\" \/><\/label><input type=\"hidden\" name=\"_wpcf7_quiz_answer_quiz-519\" value=\"2ed61c274a5998f09eeb9fe6c7c03732\" \/><\/span> <\/label>\n<\/p>\n<p><span class=\"wpcf7-form-control-wrap\" data-name=\"acceptance-771\"><span class=\"wpcf7-form-control wpcf7-acceptance\"><span class=\"wpcf7-list-item\"><label><input type=\"checkbox\" name=\"acceptance-771\" value=\"1\" aria-invalid=\"false\" \/><span class=\"wpcf7-list-item-label\">A checkbox kipip\u00e1l\u00e1s\u00e1val - az \u00c1ltal\u00e1nos Adatv\u00e9delmi Rendelet (GDPR) 6. cikk (1) bekezd\u00e9s b) pontja, tov\u00e1bb\u00e1 a 7. cikk rendelkez\u00e9se alapj\u00e1n - tudom\u00e1sul veszem, hogy az adatkezel\u0151 a most megadott szem\u00e9lyes adataimat a GDPR, tov\u00e1bb\u00e1 a saj\u00e1t adatkezel\u00e9si t\u00e1j\u00e9koztat\u00f3j\u00e1nak felt\u00e9telei szerint kezelheti.<\/span><\/label><\/span><\/span><\/span><br \/>\n<a href=\"https:\/\/berceligyermekorvos.hu\/?page_id=51\" target=\"_blank\" >Az adatkezel\u00e9si t\u00e1j\u00e9koztat\u00f3 ide kattintva \u00e9rhet\u0151 el.<\/a>\n<\/p>\n<p><input class=\"wpcf7-form-control wpcf7-submit has-spinner\" type=\"submit\" value=\"Bek\u00fcld\u00e9s\" \/>\n<\/p><div class=\"wpcf7-response-output\" aria-hidden=\"true\"><\/div>\n<\/form>\n<\/div>\n\n","protected":false},"excerpt":{"rendered":"","protected":false},"author":1,"featured_media":0,"parent":0,"menu_order":0,"comment_status":"closed","ping_status":"closed","template":"","meta":{"footnotes":""},"class_list":["post-85","page","type-page","status-publish","hentry"],"_links":{"self":[{"href":"https:\/\/berceligyermekorvos.hu\/index.php?rest_route=\/wp\/v2\/pages\/85","targetHints":{"allow":["GET"]}}],"collection":[{"href":"https:\/\/berceligyermekorvos.hu\/index.php?rest_route=\/wp\/v2\/pages"}],"about":[{"href":"https:\/\/berceligyermekorvos.hu\/index.php?rest_route=\/wp\/v2\/types\/page"}],"author":[{"embeddable":true,"href":"https:\/\/berceligyermekorvos.hu\/index.php?rest_route=\/wp\/v2\/users\/1"}],"replies":[{"embeddable":true,"href":"https:\/\/berceligyermekorvos.hu\/index.php?rest_route=%2Fwp%2Fv2%2Fcomments&post=85"}],"version-history":[{"count":1,"href":"https:\/\/berceligyermekorvos.hu\/index.php?rest_route=\/wp\/v2\/pages\/85\/revisions"}],"predecessor-version":[{"id":86,"href":"https:\/\/berceligyermekorvos.hu\/index.php?rest_route=\/wp\/v2\/pages\/85\/revisions\/86"}],"wp:attachment":[{"href":"https:\/\/berceligyermekorvos.hu\/index.php?rest_route=%2Fwp%2Fv2%2Fmedia&parent=85"}],"curies":[{"name":"wp","href":"https:\/\/api.w.org\/{rel}","templated":true}]}}