{"id":36,"date":"2023-06-23T15:51:12","date_gmt":"2023-06-23T13:51:12","guid":{"rendered":"https:\/\/berceligyermekorvos.hu\/?page_id=36"},"modified":"2023-09-13T23:05:33","modified_gmt":"2023-09-13T21:05:33","slug":"ugyintezes","status":"publish","type":"page","link":"https:\/\/berceligyermekorvos.hu\/?page_id=36","title":{"rendered":"\u00dcgyint\u00e9z\u00e9s"},"content":{"rendered":"\r\n<p>Az al\u00e1bbi linken v\u00e1lassza ki az \u00fcgyint\u00e9z\u00e9s t\u00edpus\u00e1t, majd t\u00f6ltse ki a megjelen\u0151 \u0171rlapot:<\/p>\r\n<p><a href=\"https:\/\/berceligyermekorvos.hu\/?page_id=81\">\u00a0 \u00a0 1) Recept fel\u00edr\u00e1shoz ezt az \u0171rlapot t\u00f6ltse ki\u00a0\u00a0\u00a0\u00a0<\/a><\/p>\r\n<p><a href=\"https:\/\/berceligyermekorvos.hu\/?page_id=195\">\u00a0 \u00a0 2) Betegs\u00e9g bejelent\u00e9s\u00e9hez ezt az \u0171rlapot t\u00f6ltse ki<\/a><\/p>\r\n<p><a href=\"https:\/\/berceligyermekorvos.hu\/?page_id=85\">\u00a0 \u00a0 3) Beutal\u00f3 k\u00e9r\u00e9s\u00e9hez ezt az \u0171rlapot t\u00f6ltse ki\u00a0<\/a><\/p>\r\n<p><a href=\"https:\/\/berceligyermekorvos.hu\/?page_id=83\">\u00a0 \u00a0 4) T\u00e1pp\u00e9nz k\u00e9r\u00e9s\u00e9hez ezt az \u0171rlapot t\u00f6ltse ki\u00a0<\/a><\/p>\r\n<p><a href=\"https:\/\/berceligyermekorvos.hu\/?page_id=172\">\u00a0 \u00a0 5) Igazol\u00e1s k\u00e9r\u00e9shez ezt az \u0171rlapot t\u00f6ltse ki<\/a><\/p>\r\n<p><a href=\"https:\/\/berceligyermekorvos.hu\/?page_id=90\">\u00a0 \u00a0 6) Egy\u00e9b k\u00e9rd\u00e9s\u00e9vel, nyomtatv\u00e1ny vagy f\u00e9nyk\u00e9p k\u00fcld\u00e9s\u00e9vel ezt az \u0171rlapot k\u00f6ltse ki\u00a0<\/a><\/p>\r\n<p>&nbsp;<\/p>\r\n<p>&nbsp;<\/p>\r\n<p>&nbsp;<\/p>\r\n<p>&nbsp;<\/p>\r\n","protected":false},"excerpt":{"rendered":"<p>Az al\u00e1bbi linken v\u00e1lassza ki az \u00fcgyint\u00e9z\u00e9s t\u00edpus\u00e1t, majd t\u00f6ltse ki a megjelen\u0151 \u0171rlapot: \u00a0 \u00a0 1) Recept fel\u00edr\u00e1shoz ezt az \u0171rlapot t\u00f6ltse ki\u00a0\u00a0\u00a0\u00a0 \u00a0 \u00a0 2) Betegs\u00e9g bejelent\u00e9s\u00e9hez ezt az \u0171rlapot t\u00f6ltse ki \u00a0 \u00a0 3) Beutal\u00f3 k\u00e9r\u00e9s\u00e9hez ezt &hellip; <a href=\"https:\/\/berceligyermekorvos.hu\/?page_id=36\">Egy kattint\u00e1s ide a folytat\u00e1shoz&#8230;. <span class=\"meta-nav\">&rarr;<\/span><\/a><\/p>\n","protected":false},"author":1,"featured_media":0,"parent":0,"menu_order":0,"comment_status":"closed","ping_status":"closed","template":"","meta":{"footnotes":""},"class_list":["post-36","page","type-page","status-publish","hentry"],"_links":{"self":[{"href":"https:\/\/berceligyermekorvos.hu\/index.php?rest_route=\/wp\/v2\/pages\/36","targetHints":{"allow":["GET"]}}],"collection":[{"href":"https:\/\/berceligyermekorvos.hu\/index.php?rest_route=\/wp\/v2\/pages"}],"about":[{"href":"https:\/\/berceligyermekorvos.hu\/index.php?rest_route=\/wp\/v2\/types\/page"}],"author":[{"embeddable":true,"href":"https:\/\/berceligyermekorvos.hu\/index.php?rest_route=\/wp\/v2\/users\/1"}],"replies":[{"embeddable":true,"href":"https:\/\/berceligyermekorvos.hu\/index.php?rest_route=%2Fwp%2Fv2%2Fcomments&post=36"}],"version-history":[{"count":12,"href":"https:\/\/berceligyermekorvos.hu\/index.php?rest_route=\/wp\/v2\/pages\/36\/revisions"}],"predecessor-version":[{"id":197,"href":"https:\/\/berceligyermekorvos.hu\/index.php?rest_route=\/wp\/v2\/pages\/36\/revisions\/197"}],"wp:attachment":[{"href":"https:\/\/berceligyermekorvos.hu\/index.php?rest_route=%2Fwp%2Fv2%2Fmedia&parent=36"}],"curies":[{"name":"wp","href":"https:\/\/api.w.org\/{rel}","templated":true}]}}