{"id":172,"date":"2023-08-03T11:45:02","date_gmt":"2023-08-03T09:45:02","guid":{"rendered":"https:\/\/berceligyermekorvos.hu\/?page_id=172"},"modified":"2023-08-03T11:45:02","modified_gmt":"2023-08-03T09:45:02","slug":"igazolas","status":"publish","type":"page","link":"https:\/\/berceligyermekorvos.hu\/?page_id=172","title":{"rendered":"Igazol\u00e1s"},"content":{"rendered":"\n<div class=\"wpcf7 no-js\" id=\"wpcf7-f170-o1\" lang=\"hu-HU\" dir=\"ltr\" data-wpcf7-id=\"170\">\n<div class=\"screen-reader-response\"><p role=\"status\" aria-live=\"polite\" aria-atomic=\"true\"><\/p> <ul><\/ul><\/div>\n<form action=\"\/index.php?rest_route=%2Fwp%2Fv2%2Fpages%2F172#wpcf7-f170-o1\" method=\"post\" class=\"wpcf7-form init\" aria-label=\"Kapcsolatfelv\u00e9teli \u0171rlap\" novalidate=\"novalidate\" data-status=\"init\">\n<fieldset class=\"hidden-fields-container\"><input type=\"hidden\" name=\"_wpcf7\" value=\"170\" \/><input type=\"hidden\" name=\"_wpcf7_version\" value=\"6.1.5\" \/><input type=\"hidden\" name=\"_wpcf7_locale\" value=\"hu_HU\" \/><input type=\"hidden\" name=\"_wpcf7_unit_tag\" value=\"wpcf7-f170-o1\" \/><input type=\"hidden\" name=\"_wpcf7_container_post\" value=\"0\" \/><input type=\"hidden\" name=\"_wpcf7_posted_data_hash\" value=\"\" \/><input type=\"hidden\" name=\"_wpcf7_recaptcha_response\" value=\"\" \/>\n<\/fieldset>\n<p><label> Igazol\u00e1son szerepl\u0151 n\u00e9v:<br \/>\n<span class=\"wpcf7-form-control-wrap\" data-name=\"tappenznev\"><input size=\"40\" maxlength=\"400\" class=\"wpcf7-form-control wpcf7-text wpcf7-validates-as-required\" autocomplete=\"name\" aria-required=\"true\" aria-invalid=\"false\" value=\"\" type=\"text\" name=\"tappenznev\" \/><\/span> <\/label>\n<\/p>\n<p><label> Igazol\u00e1son szerepl\u0151 TAJ sz\u00e1ma:<br \/>\n<span class=\"wpcf7-form-control-wrap\" data-name=\"tptaj\"><input size=\"40\" maxlength=\"400\" class=\"wpcf7-form-control wpcf7-text wpcf7-validates-as-required\" aria-required=\"true\" aria-invalid=\"false\" value=\"000-000-000\" type=\"text\" name=\"tptaj\" \/><\/span> <\/label>\n<\/p>\n<p><label> Igazol\u00e1son szerepl\u0151 sz\u00fclet\u00e9si ideje:<br \/>\n<span class=\"wpcf7-form-control-wrap\" data-name=\"tapszul\"><input class=\"wpcf7-form-control wpcf7-date wpcf7-validates-as-required wpcf7-validates-as-date\" aria-required=\"true\" aria-invalid=\"false\" value=\"2005.01.01\" type=\"date\" name=\"tapszul\" \/><\/span> <\/label>\n<\/p>\n<p><label> Igazol\u00e1s kezdet\u00e9nek els\u0151 napja:<br \/>\n<span class=\"wpcf7-form-control-wrap\" data-name=\"tapkezd\"><input class=\"wpcf7-form-control wpcf7-date wpcf7-validates-as-required wpcf7-validates-as-date\" aria-required=\"true\" aria-invalid=\"false\" value=\"2023.01.01\" type=\"date\" name=\"tapkezd\" \/><\/span> <\/label>\n<\/p>\n<p><label> Igazol\u00e1s v\u00e9ge, az utols\u00f3 napja:<br \/>\n<span class=\"wpcf7-form-control-wrap\" data-name=\"tapvege\"><input class=\"wpcf7-form-control wpcf7-date wpcf7-validates-as-required wpcf7-validates-as-date\" aria-required=\"true\" aria-invalid=\"false\" value=\"2023.01.02\" type=\"date\" name=\"tapvege\" \/><\/span> <\/label>\n<\/p>\n<p><label> E-mail c\u00edm<br \/>\n<span class=\"wpcf7-form-control-wrap\" data-name=\"your-email\"><input size=\"40\" maxlength=\"400\" class=\"wpcf7-form-control wpcf7-email wpcf7-validates-as-required wpcf7-text wpcf7-validates-as-email\" autocomplete=\"email\" aria-required=\"true\" aria-invalid=\"false\" value=\"\" type=\"email\" name=\"your-email\" \/><\/span> <\/label>\n<\/p>\n<p><label> Egy\u00e9b \u00fczenet<br \/>\n<span class=\"wpcf7-form-control-wrap\" data-name=\"your-message\"><textarea cols=\"40\" rows=\"10\" maxlength=\"2000\" class=\"wpcf7-form-control wpcf7-textarea\" aria-invalid=\"false\" name=\"your-message\"><\/textarea><\/span> <\/label>\n<\/p>\n<p><label> Biztons\u00e1gi ellen\u0151rz\u0151 k\u00e9rd\u00e9s, k\u00e9rem v\u00e1laszolja meg<br \/>\n<span class=\"wpcf7-form-control-wrap\" data-name=\"quiz-519\"><label><span class=\"wpcf7-quiz-label\">3+3=<\/span> <input size=\"40\" class=\"wpcf7-form-control wpcf7-quiz\" autocomplete=\"off\" aria-required=\"true\" aria-invalid=\"false\" type=\"text\" name=\"quiz-519\" \/><\/label><input type=\"hidden\" name=\"_wpcf7_quiz_answer_quiz-519\" value=\"2ed61c274a5998f09eeb9fe6c7c03732\" \/><\/span> <\/label>\n<\/p>\n<p><span class=\"wpcf7-form-control-wrap\" data-name=\"acceptance-771\"><span class=\"wpcf7-form-control wpcf7-acceptance\"><span class=\"wpcf7-list-item\"><label><input type=\"checkbox\" name=\"acceptance-771\" value=\"1\" aria-invalid=\"false\" \/><span class=\"wpcf7-list-item-label\">A checkbox kipip\u00e1l\u00e1s\u00e1val - az \u00c1ltal\u00e1nos Adatv\u00e9delmi Rendelet (GDPR) 6. cikk (1) bekezd\u00e9s b) pontja, tov\u00e1bb\u00e1 a 7. cikk rendelkez\u00e9se alapj\u00e1n - tudom\u00e1sul veszem, hogy az adatkezel\u0151 a most megadott szem\u00e9lyes adataimat a GDPR, tov\u00e1bb\u00e1 a saj\u00e1t adatkezel\u00e9si t\u00e1j\u00e9koztat\u00f3j\u00e1nak felt\u00e9telei szerint kezelheti.<\/span><\/label><\/span><\/span><\/span><br \/>\n<a href=\"https:\/\/berceligyermekorvos.hu\/?page_id=51\" target=\"_blank\" >Az adatkezel\u00e9si t\u00e1j\u00e9koztat\u00f3 ide kattintva \u00e9rhet\u0151 el.<\/a>\n<\/p>\n<p><input class=\"wpcf7-form-control wpcf7-submit has-spinner\" type=\"submit\" value=\"Bek\u00fcld\u00e9s\" \/>\n<\/p><div class=\"wpcf7-response-output\" aria-hidden=\"true\"><\/div>\n<\/form>\n<\/div>\n\n","protected":false},"excerpt":{"rendered":"","protected":false},"author":1,"featured_media":0,"parent":0,"menu_order":0,"comment_status":"closed","ping_status":"closed","template":"","meta":{"footnotes":""},"class_list":["post-172","page","type-page","status-publish","hentry"],"_links":{"self":[{"href":"https:\/\/berceligyermekorvos.hu\/index.php?rest_route=\/wp\/v2\/pages\/172","targetHints":{"allow":["GET"]}}],"collection":[{"href":"https:\/\/berceligyermekorvos.hu\/index.php?rest_route=\/wp\/v2\/pages"}],"about":[{"href":"https:\/\/berceligyermekorvos.hu\/index.php?rest_route=\/wp\/v2\/types\/page"}],"author":[{"embeddable":true,"href":"https:\/\/berceligyermekorvos.hu\/index.php?rest_route=\/wp\/v2\/users\/1"}],"replies":[{"embeddable":true,"href":"https:\/\/berceligyermekorvos.hu\/index.php?rest_route=%2Fwp%2Fv2%2Fcomments&post=172"}],"version-history":[{"count":1,"href":"https:\/\/berceligyermekorvos.hu\/index.php?rest_route=\/wp\/v2\/pages\/172\/revisions"}],"predecessor-version":[{"id":173,"href":"https:\/\/berceligyermekorvos.hu\/index.php?rest_route=\/wp\/v2\/pages\/172\/revisions\/173"}],"wp:attachment":[{"href":"https:\/\/berceligyermekorvos.hu\/index.php?rest_route=%2Fwp%2Fv2%2Fmedia&parent=172"}],"curies":[{"name":"wp","href":"https:\/\/api.w.org\/{rel}","templated":true}]}}